{"id":8543,"date":"2025-08-05T03:58:39","date_gmt":"2025-08-05T03:58:39","guid":{"rendered":"https:\/\/quitostreetcolors.com\/demo\/?post_type=product&#038;p=8543"},"modified":"2025-08-05T03:58:39","modified_gmt":"2025-08-05T03:58:39","slug":"hoodie-ozzy-osbourne","status":"publish","type":"product","link":"https:\/\/quitostreetcolors.com\/demo\/product\/hoodie-ozzy-osbourne\/","title":{"rendered":"Hoodie Ozzy Osbourne"},"content":{"rendered":"<h2>Ozzy Osbourne Hoodie<\/h2>\n<p>Tu Esencia, Tu Moda: Descubre la Autenticidad con nuestros hoodies.<\/p>\n<p>Hechas con la Mejor Calidad en Ecuador\u00a0 y Tecnolog\u00eda de Impresi\u00f3n Avanzada.<\/p>\n<p>Cada prenda es una expresi\u00f3n \u00fanica de tu esencia, y nuestros hoodies est\u00e1n dise\u00f1ados para destacar tu estilo de manera aut\u00e9ntica.<\/p>\n<p><strong>CALIDAD ECUATORIANA EXCEPCIONAL:<\/strong><\/p>\n<p>Con orgullo, presentamos prendas confeccionadas con la mejor calidad en Ecuador. Cada hilo tejido y cada costura reflejan la artesan\u00eda y dedicaci\u00f3n que solo encontrar\u00e1s en productos hechos en casa.<\/p>\n<p><strong>TECNOLOG\u00cdA DE IMPRESI\u00d3N AVANZADA:<\/strong><\/p>\n<p>Nuestros hoodies\u00a0 destacan no solo por su dise\u00f1o, sino tambi\u00e9n por la tecnolog\u00eda de impresi\u00f3n avanzada que utilizamos. Con la mejor tecnolog\u00eda en semitonos, garantizamos que la impresi\u00f3n se mantenga fresca y agradable al tacto, para que al usar\u00a0 tu hoodies sea un placer en cualquier ocasi\u00f3n.<\/p>\n<ul>\n<li>Hoodie elaborado en tela Fleece: 65 % Algod\u00f3n, 35 % Poli\u00e9ster.<\/li>\n<li>Capucha con cord\u00f3n ajustable.<\/li>\n<li>Capucha con forro poli-algod\u00f3n.<\/li>\n<li>Bolsillo frontal.<\/li>\n<li>Cierre de nylon ultra resistente.<\/li>\n<li>Borde acanalado en los pu\u00f1os y cintura.<\/li>\n<\/ul>\n<p>Prenda no pre encogida, antes de lavar lea las instrucciones por favor:<\/p>\n<ul>\n<li>Lavar en m\u00e1quina en agua fr\u00eda<\/li>\n<li>Secado en m\u00e1quina a baja temperatura<\/li>\n<li>No usar blanqueador<\/li>\n<li>De adentro hacia afuera<\/li>\n<li>No lavar en seco<\/li>\n<li>No planchar el estampado<\/li>\n<\/ul>\n","protected":false},"excerpt":{"rendered":"<p>Ozzy Osbourne Hoodie Tu Esencia, Tu Moda: Descubre la Autenticidad con &#8230; <\/p>\n","protected":false},"featured_media":8546,"comment_status":"open","ping_status":"closed","template":"","meta":{"_joinchat":[]},"product_brand":[],"product_cat":[186,74,184],"product_tag":[],"class_list":{"0":"post-8543","1":"product","2":"type-product","3":"status-publish","4":"has-post-thumbnail","6":"product_cat-hoodies-ozzy-osbourne","7":"product_cat-musica","8":"product_cat-ozzy-ousborne","10":"first","11":"instock","12":"shipping-taxable","13":"purchasable","14":"product-type-variable"},"yoast_head":"<!-- This site is optimized with the Yoast SEO Premium plugin v15.0 - https:\/\/yoast.com\/wordpress\/plugins\/seo\/ -->\n<title>Hoodie Ozzy Osbourne - Quito Street Colors<\/title>\n<meta name=\"description\" content=\"Hoodie de ozzy osbourne, hoodies de rock en quito, hoodies de bandas de rock, hoodies personalizados en quito\" \/>\n<meta name=\"robots\" content=\"index, follow, max-snippet:-1, max-image-preview:large, max-video-preview:-1\" \/>\n<link rel=\"canonical\" href=\"https:\/\/quitostreetcolors.com\/demo\/product\/hoodie-ozzy-osbourne\/\" \/>\n<meta property=\"og:locale\" content=\"es_ES\" \/>\n<meta property=\"og:type\" content=\"article\" \/>\n<meta property=\"og:title\" content=\"Hoodie Ozzy Osbourne - Quito Street Colors\" \/>\n<meta property=\"og:description\" content=\"Hoodie de ozzy osbourne, hoodies de rock en quito, hoodies de bandas de rock, hoodies personalizados en quito\" \/>\n<meta property=\"og:url\" content=\"https:\/\/quitostreetcolors.com\/demo\/product\/hoodie-ozzy-osbourne\/\" \/>\n<meta property=\"og:site_name\" content=\"Quito Street Colors\" \/>\n<meta property=\"article:publisher\" content=\"https:\/\/www.facebook.com\/quitostreetC\" \/>\n<meta property=\"og:image\" content=\"https:\/\/quitostreetcolors.com\/demo\/wp-content\/uploads\/2025\/08\/hoodie-ozzy.jpg\" \/>\n\t<meta property=\"og:image:width\" content=\"2000\" \/>\n\t<meta property=\"og:image:height\" content=\"2000\" \/>\n<meta name=\"twitter:card\" content=\"summary_large_image\" \/>\n<script type=\"application\/ld+json\" class=\"yoast-schema-graph\">{\"@context\":\"https:\/\/schema.org\",\"@graph\":[{\"@type\":\"Organization\",\"@id\":\"https:\/\/quitostreetcolors.com\/demo\/#organization\",\"name\":\"Quito Street Colors\",\"url\":\"https:\/\/quitostreetcolors.com\/demo\/\",\"sameAs\":[\"https:\/\/www.facebook.com\/quitostreetC\"],\"logo\":{\"@type\":\"ImageObject\",\"@id\":\"https:\/\/quitostreetcolors.com\/demo\/#logo\",\"inLanguage\":\"es\",\"url\":\"https:\/\/quitostreetcolors.com\/demo\/wp-content\/uploads\/2025\/01\/logo.png\",\"width\":391,\"height\":140,\"caption\":\"Quito Street Colors\"},\"image\":{\"@id\":\"https:\/\/quitostreetcolors.com\/demo\/#logo\"}},{\"@type\":\"WebSite\",\"@id\":\"https:\/\/quitostreetcolors.com\/demo\/#website\",\"url\":\"https:\/\/quitostreetcolors.com\/demo\/\",\"name\":\"Quito Street Colors\",\"description\":\"Hoodies y camisetas personalizadas\",\"publisher\":{\"@id\":\"https:\/\/quitostreetcolors.com\/demo\/#organization\"},\"potentialAction\":[{\"@type\":\"SearchAction\",\"target\":\"https:\/\/quitostreetcolors.com\/demo\/?s={search_term_string}\",\"query-input\":\"required name=search_term_string\"}],\"inLanguage\":\"es\"},{\"@type\":\"ImageObject\",\"@id\":\"https:\/\/quitostreetcolors.com\/demo\/product\/hoodie-ozzy-osbourne\/#primaryimage\",\"inLanguage\":\"es\",\"url\":\"https:\/\/quitostreetcolors.com\/demo\/wp-content\/uploads\/2025\/08\/hoodie-ozzy.jpg\",\"width\":2000,\"height\":2000},{\"@type\":\"WebPage\",\"@id\":\"https:\/\/quitostreetcolors.com\/demo\/product\/hoodie-ozzy-osbourne\/#webpage\",\"url\":\"https:\/\/quitostreetcolors.com\/demo\/product\/hoodie-ozzy-osbourne\/\",\"name\":\"Hoodie Ozzy Osbourne - Quito Street Colors\",\"isPartOf\":{\"@id\":\"https:\/\/quitostreetcolors.com\/demo\/#website\"},\"primaryImageOfPage\":{\"@id\":\"https:\/\/quitostreetcolors.com\/demo\/product\/hoodie-ozzy-osbourne\/#primaryimage\"},\"datePublished\":\"2025-08-05T03:58:39+00:00\",\"dateModified\":\"2025-08-05T03:58:39+00:00\",\"description\":\"Hoodie de ozzy osbourne, hoodies de rock en quito, hoodies de bandas de rock, hoodies personalizados en quito\",\"breadcrumb\":{\"@id\":\"https:\/\/quitostreetcolors.com\/demo\/product\/hoodie-ozzy-osbourne\/#breadcrumb\"},\"inLanguage\":\"es\",\"potentialAction\":[{\"@type\":\"ReadAction\",\"target\":[\"https:\/\/quitostreetcolors.com\/demo\/product\/hoodie-ozzy-osbourne\/\"]}]},{\"@type\":\"BreadcrumbList\",\"@id\":\"https:\/\/quitostreetcolors.com\/demo\/product\/hoodie-ozzy-osbourne\/#breadcrumb\",\"itemListElement\":[{\"@type\":\"ListItem\",\"position\":1,\"item\":{\"@type\":\"WebPage\",\"@id\":\"https:\/\/quitostreetcolors.com\/demo\/\",\"url\":\"https:\/\/quitostreetcolors.com\/demo\/\",\"name\":\"Portada\"}},{\"@type\":\"ListItem\",\"position\":2,\"item\":{\"@type\":\"WebPage\",\"@id\":\"https:\/\/quitostreetcolors.com\/demo\/shop\/\",\"url\":\"https:\/\/quitostreetcolors.com\/demo\/shop\/\",\"name\":\"Tienda\"}},{\"@type\":\"ListItem\",\"position\":3,\"item\":{\"@type\":\"WebPage\",\"@id\":\"https:\/\/quitostreetcolors.com\/demo\/product\/hoodie-ozzy-osbourne\/\",\"url\":\"https:\/\/quitostreetcolors.com\/demo\/product\/hoodie-ozzy-osbourne\/\",\"name\":\"Hoodie Ozzy Osbourne\"}}]}]}<\/script>\n<!-- \/ Yoast SEO Premium plugin. -->","_links":{"self":[{"href":"https:\/\/quitostreetcolors.com\/demo\/wp-json\/wp\/v2\/product\/8543","targetHints":{"allow":["GET"]}}],"collection":[{"href":"https:\/\/quitostreetcolors.com\/demo\/wp-json\/wp\/v2\/product"}],"about":[{"href":"https:\/\/quitostreetcolors.com\/demo\/wp-json\/wp\/v2\/types\/product"}],"replies":[{"embeddable":true,"href":"https:\/\/quitostreetcolors.com\/demo\/wp-json\/wp\/v2\/comments?post=8543"}],"wp:featuredmedia":[{"embeddable":true,"href":"https:\/\/quitostreetcolors.com\/demo\/wp-json\/wp\/v2\/media\/8546"}],"wp:attachment":[{"href":"https:\/\/quitostreetcolors.com\/demo\/wp-json\/wp\/v2\/media?parent=8543"}],"wp:term":[{"taxonomy":"product_brand","embeddable":true,"href":"https:\/\/quitostreetcolors.com\/demo\/wp-json\/wp\/v2\/product_brand?post=8543"},{"taxonomy":"product_cat","embeddable":true,"href":"https:\/\/quitostreetcolors.com\/demo\/wp-json\/wp\/v2\/product_cat?post=8543"},{"taxonomy":"product_tag","embeddable":true,"href":"https:\/\/quitostreetcolors.com\/demo\/wp-json\/wp\/v2\/product_tag?post=8543"}],"curies":[{"name":"wp","href":"https:\/\/api.w.org\/{rel}","templated":true}]}}