{"id":3954,"date":"2025-02-05T16:06:49","date_gmt":"2025-02-05T16:06:49","guid":{"rendered":"https:\/\/quitostreetcolors.com\/demo\/?post_type=product&#038;p=3954"},"modified":"2025-02-05T16:14:49","modified_gmt":"2025-02-05T16:14:49","slug":"crew-neck-valkyrie","status":"publish","type":"product","link":"https:\/\/quitostreetcolors.com\/demo\/product\/crew-neck-valkyrie\/","title":{"rendered":"Crew neck Valkyrie"},"content":{"rendered":"<h1 class=\"product_title entry-title elementor-heading-title elementor-size-default\">Crew neck Valkyrie<\/h1>\n<h1>Colecci\u00f3n Valhalla<\/h1>\n<p>Hechas con la Mejor Calidad en Ecuador\u00a0 y Tecnolog\u00eda de Impresi\u00f3n Avanzada.<\/p>\n<p><strong>CALIDAD ECUATORIANA EXCEPCIONAL:<\/strong><\/p>\n<p>Con orgullo, presentamos prendas confeccionadas con la mejor calidad en Ecuador. Cada hilo tejido y cada costura reflejan la artesan\u00eda y dedicaci\u00f3n que solo encontrar\u00e1s en productos hechos en casa.<\/p>\n<p><strong>TECNOLOG\u00cdA DE IMPRESI\u00d3N AVANZADA:<\/strong><\/p>\n<p>Nuestras camisetas destacan no solo por su dise\u00f1o, sino tambi\u00e9n por la tecnolog\u00eda de impresi\u00f3n avanzada que utilizamos. Con la mejor tecnolog\u00eda en semitonos, garantizamos que la impresi\u00f3n se mantenga fresca y agradable al tacto, para que al usar\u00a0 tu camiseta sea un placer en cualquier ocasi\u00f3n.<\/p>\n<p><strong>TEJIDO SUAVE:<\/strong><br \/>\nEl suave tejido antipilling e hipoalerg\u00e9nico se desliza suavemente sobre tu piel, proporcionando una sensaci\u00f3n inigualable de comodidad.<\/p>\n<p><strong>DURADERA:<\/strong><br \/>\nEl cuello y hombros reforzados aseguran una durabilidad excepcional, para que tu camiseta te acompa\u00f1e en cada momento.<\/p>\n<p><img decoding=\"async\" class=\"alignnone wp-image-2962 lazyDone\" src=\"https:\/\/quitostreetcolors.com\/demo\/wp-content\/uploads\/2025\/01\/cotton-600x690-1-261x300.png\" sizes=\"(max-width: 155px) 100vw, 155px\" srcset=\"https:\/\/quitostreetcolors.com\/demo\/wp-content\/uploads\/2025\/01\/cotton-600x690-1-261x300.png 261w, https:\/\/quitostreetcolors.com\/demo\/wp-content\/uploads\/2025\/01\/cotton-600x690-1.png 600w\" alt=\"\" width=\"155\" height=\"178\" data-src=\"\" \/><\/p>\n<p><strong>100% ALGOD\u00d3N:<\/strong><br \/>\nRespetuosa con tu piel y el medio ambiente, nuestras prendas est\u00e1n confeccionada con un 100% de algod\u00f3n de calidad.<\/p>\n<p><strong>Prenda no pre encogida, antes de lavar lea las instrucciones por favor:<\/strong><\/p>\n<ul>\n<li>Lavar en m\u00e1quina en agua fr\u00eda<\/li>\n<li>Secado en m\u00e1quina a baja temperatura<\/li>\n<li>No usar blanqueador<\/li>\n<li>De adentro hacia afuera<\/li>\n<li>No lavar en seco<\/li>\n<li>No planchar el estampado<\/li>\n<\/ul>\n","protected":false},"excerpt":{"rendered":"<p>Crew neck Valkyrie Colecci\u00f3n Valhalla Hechas con la Mejor Calidad en &#8230; <\/p>\n","protected":false},"featured_media":3959,"comment_status":"open","ping_status":"closed","template":"","meta":{"_joinchat":[]},"product_brand":[],"product_cat":[143,140],"product_tag":[],"class_list":{"0":"post-3954","1":"product","2":"type-product","3":"status-publish","4":"has-post-thumbnail","6":"product_cat-crew-neck","7":"product_cat-valhalla","9":"first","10":"instock","11":"shipping-taxable","12":"purchasable","13":"product-type-variable"},"yoast_head":"<!-- This site is optimized with the Yoast SEO Premium plugin v15.0 - https:\/\/yoast.com\/wordpress\/plugins\/seo\/ -->\n<title>Crew neck Valkyrie - Quito Street Colors<\/title>\n<meta name=\"description\" content=\"Crew neck Valkyrie pullover Quito Ecuador\" \/>\n<meta name=\"robots\" content=\"index, follow, max-snippet:-1, max-image-preview:large, max-video-preview:-1\" \/>\n<link rel=\"canonical\" href=\"https:\/\/quitostreetcolors.com\/demo\/product\/crew-neck-valkyrie\/\" \/>\n<meta property=\"og:locale\" content=\"es_ES\" \/>\n<meta property=\"og:type\" content=\"article\" \/>\n<meta property=\"og:title\" content=\"Crew neck Valkyrie - Quito Street Colors\" \/>\n<meta property=\"og:description\" content=\"Crew neck Valkyrie pullover Quito Ecuador\" \/>\n<meta property=\"og:url\" content=\"https:\/\/quitostreetcolors.com\/demo\/product\/crew-neck-valkyrie\/\" \/>\n<meta property=\"og:site_name\" content=\"Quito Street Colors\" \/>\n<meta property=\"article:publisher\" content=\"https:\/\/www.facebook.com\/quitostreetC\" \/>\n<meta property=\"article:modified_time\" content=\"2025-02-05T16:14:49+00:00\" \/>\n<meta property=\"og:image\" content=\"https:\/\/quitostreetcolors.com\/demo\/wp-content\/uploads\/2025\/02\/CAMISETA-VALKIRIA-5-copia.jpg\" \/>\n\t<meta property=\"og:image:width\" content=\"2000\" \/>\n\t<meta property=\"og:image:height\" content=\"2000\" \/>\n<meta name=\"twitter:card\" content=\"summary_large_image\" \/>\n<script type=\"application\/ld+json\" class=\"yoast-schema-graph\">{\"@context\":\"https:\/\/schema.org\",\"@graph\":[{\"@type\":\"Organization\",\"@id\":\"https:\/\/quitostreetcolors.com\/demo\/#organization\",\"name\":\"Quito Street Colors\",\"url\":\"https:\/\/quitostreetcolors.com\/demo\/\",\"sameAs\":[\"https:\/\/www.facebook.com\/quitostreetC\"],\"logo\":{\"@type\":\"ImageObject\",\"@id\":\"https:\/\/quitostreetcolors.com\/demo\/#logo\",\"inLanguage\":\"es\",\"url\":\"https:\/\/quitostreetcolors.com\/demo\/wp-content\/uploads\/2025\/01\/logo.png\",\"width\":391,\"height\":140,\"caption\":\"Quito Street Colors\"},\"image\":{\"@id\":\"https:\/\/quitostreetcolors.com\/demo\/#logo\"}},{\"@type\":\"WebSite\",\"@id\":\"https:\/\/quitostreetcolors.com\/demo\/#website\",\"url\":\"https:\/\/quitostreetcolors.com\/demo\/\",\"name\":\"Quito Street Colors\",\"description\":\"Hoodies y camisetas personalizadas\",\"publisher\":{\"@id\":\"https:\/\/quitostreetcolors.com\/demo\/#organization\"},\"potentialAction\":[{\"@type\":\"SearchAction\",\"target\":\"https:\/\/quitostreetcolors.com\/demo\/?s={search_term_string}\",\"query-input\":\"required name=search_term_string\"}],\"inLanguage\":\"es\"},{\"@type\":\"ImageObject\",\"@id\":\"https:\/\/quitostreetcolors.com\/demo\/product\/crew-neck-valkyrie\/#primaryimage\",\"inLanguage\":\"es\",\"url\":\"https:\/\/quitostreetcolors.com\/demo\/wp-content\/uploads\/2025\/02\/CAMISETA-VALKIRIA-5-copia.jpg\",\"width\":2000,\"height\":2000},{\"@type\":\"WebPage\",\"@id\":\"https:\/\/quitostreetcolors.com\/demo\/product\/crew-neck-valkyrie\/#webpage\",\"url\":\"https:\/\/quitostreetcolors.com\/demo\/product\/crew-neck-valkyrie\/\",\"name\":\"Crew neck Valkyrie - Quito Street Colors\",\"isPartOf\":{\"@id\":\"https:\/\/quitostreetcolors.com\/demo\/#website\"},\"primaryImageOfPage\":{\"@id\":\"https:\/\/quitostreetcolors.com\/demo\/product\/crew-neck-valkyrie\/#primaryimage\"},\"datePublished\":\"2025-02-05T16:06:49+00:00\",\"dateModified\":\"2025-02-05T16:14:49+00:00\",\"description\":\"Crew neck Valkyrie pullover Quito Ecuador\",\"breadcrumb\":{\"@id\":\"https:\/\/quitostreetcolors.com\/demo\/product\/crew-neck-valkyrie\/#breadcrumb\"},\"inLanguage\":\"es\",\"potentialAction\":[{\"@type\":\"ReadAction\",\"target\":[\"https:\/\/quitostreetcolors.com\/demo\/product\/crew-neck-valkyrie\/\"]}]},{\"@type\":\"BreadcrumbList\",\"@id\":\"https:\/\/quitostreetcolors.com\/demo\/product\/crew-neck-valkyrie\/#breadcrumb\",\"itemListElement\":[{\"@type\":\"ListItem\",\"position\":1,\"item\":{\"@type\":\"WebPage\",\"@id\":\"https:\/\/quitostreetcolors.com\/demo\/\",\"url\":\"https:\/\/quitostreetcolors.com\/demo\/\",\"name\":\"Portada\"}},{\"@type\":\"ListItem\",\"position\":2,\"item\":{\"@type\":\"WebPage\",\"@id\":\"https:\/\/quitostreetcolors.com\/demo\/shop\/\",\"url\":\"https:\/\/quitostreetcolors.com\/demo\/shop\/\",\"name\":\"Tienda\"}},{\"@type\":\"ListItem\",\"position\":3,\"item\":{\"@type\":\"WebPage\",\"@id\":\"https:\/\/quitostreetcolors.com\/demo\/product\/crew-neck-valkyrie\/\",\"url\":\"https:\/\/quitostreetcolors.com\/demo\/product\/crew-neck-valkyrie\/\",\"name\":\"Crew neck Valkyrie\"}}]}]}<\/script>\n<!-- \/ Yoast SEO Premium plugin. -->","_links":{"self":[{"href":"https:\/\/quitostreetcolors.com\/demo\/wp-json\/wp\/v2\/product\/3954","targetHints":{"allow":["GET"]}}],"collection":[{"href":"https:\/\/quitostreetcolors.com\/demo\/wp-json\/wp\/v2\/product"}],"about":[{"href":"https:\/\/quitostreetcolors.com\/demo\/wp-json\/wp\/v2\/types\/product"}],"replies":[{"embeddable":true,"href":"https:\/\/quitostreetcolors.com\/demo\/wp-json\/wp\/v2\/comments?post=3954"}],"wp:featuredmedia":[{"embeddable":true,"href":"https:\/\/quitostreetcolors.com\/demo\/wp-json\/wp\/v2\/media\/3959"}],"wp:attachment":[{"href":"https:\/\/quitostreetcolors.com\/demo\/wp-json\/wp\/v2\/media?parent=3954"}],"wp:term":[{"taxonomy":"product_brand","embeddable":true,"href":"https:\/\/quitostreetcolors.com\/demo\/wp-json\/wp\/v2\/product_brand?post=3954"},{"taxonomy":"product_cat","embeddable":true,"href":"https:\/\/quitostreetcolors.com\/demo\/wp-json\/wp\/v2\/product_cat?post=3954"},{"taxonomy":"product_tag","embeddable":true,"href":"https:\/\/quitostreetcolors.com\/demo\/wp-json\/wp\/v2\/product_tag?post=3954"}],"curies":[{"name":"wp","href":"https:\/\/api.w.org\/{rel}","templated":true}]}}