{"id":3362,"date":"2025-01-30T17:17:17","date_gmt":"2025-01-30T17:17:17","guid":{"rendered":"https:\/\/quitostreetcolors.com\/demo\/?post_type=product&#038;p=3362"},"modified":"2025-01-30T17:26:03","modified_gmt":"2025-01-30T17:26:03","slug":"camiseta-iron-maiden-shadows-of-the-valley","status":"publish","type":"product","link":"https:\/\/quitostreetcolors.com\/demo\/product\/camiseta-iron-maiden-shadows-of-the-valley\/","title":{"rendered":"Camiseta Iron maiden shadows of the valley"},"content":{"rendered":"<h1 class=\"product_title entry-title elementor-heading-title elementor-size-default\">Camiseta Iron maiden shadows of the valley <\/h1>\n<p>&nbsp;<br \/>\nTu Esencia, Tu Moda: Descubre la Autenticidad con Nuestras Camisetas 100% Algod\u00f3n de Tacto Suave.<\/p>\n<p>Hechas con la Mejor Calidad en Ecuador\u00a0 y Tecnolog\u00eda de Impresi\u00f3n Avanzada.<\/p>\n<p>Cada prenda es una expresi\u00f3n \u00fanica de tu esencia, y nuestras camisetas est\u00e1n dise\u00f1adas para destacar tu estilo de manera aut\u00e9ntica.<\/p>\n<p><strong>CALIDAD ECUATORIANA EXCEPCIONAL:<\/strong><\/p>\n<p>Con orgullo, presentamos prendas confeccionadas con la mejor calidad en Ecuador. Cada hilo tejido y cada costura reflejan la artesan\u00eda y dedicaci\u00f3n que solo encontrar\u00e1s en productos hechos en casa.<\/p>\n<p><strong>TECNOLOG\u00cdA DE IMPRESI\u00d3N AVANZADA:<\/strong><\/p>\n<p>Nuestras camisetas destacan no solo por su dise\u00f1o, sino tambi\u00e9n por la tecnolog\u00eda de impresi\u00f3n avanzada que utilizamos. Con la mejor tecnolog\u00eda en semitonos, garantizamos que la impresi\u00f3n se mantenga fresca y agradable al tacto, para que al usar\u00a0 tu camiseta sea un placer en cualquier ocasi\u00f3n.<\/p>\n<p><strong>TEJIDO SUAVE:<\/strong><br \/>\nEl suave tejido antipilling e hipoalerg\u00e9nico se desliza suavemente sobre tu piel, proporcionando una sensaci\u00f3n inigualable de comodidad.<\/p>\n<p><strong>DURADERA:<\/strong><br \/>\nEl cuello y hombros reforzados aseguran una durabilidad excepcional, para que tu camiseta te acompa\u00f1e en cada momento.<\/p>\n<p>&nbsp;<\/p>\n<p><img fetchpriority=\"high\" decoding=\"async\" class=\"alignnone wp-image-2962\" src=\"https:\/\/quitostreetcolors.com\/demo\/wp-content\/uploads\/2025\/01\/cotton-600x690-1-261x300.png\" alt=\"\" width=\"226\" height=\"260\" srcset=\"https:\/\/quitostreetcolors.com\/demo\/wp-content\/uploads\/2025\/01\/cotton-600x690-1-261x300.png 261w, https:\/\/quitostreetcolors.com\/demo\/wp-content\/uploads\/2025\/01\/cotton-600x690-1.png 600w\" sizes=\"(max-width: 226px) 100vw, 226px\" \/><\/p>\n<p><strong>100% ALGOD\u00d3N:<\/strong><br \/>\nRespetuosa con tu piel y el medio ambiente, nuestra camiseta est\u00e1 confeccionada con un 100% de algod\u00f3n de calidad.<\/p>\n<p><strong>Prenda no pre encogida, antes de lavar lea las instrucciones por favor:<\/strong><\/p>\n<ul>\n<li>Lavar en m\u00e1quina en agua fr\u00eda<\/li>\n<li>Secado en m\u00e1quina a baja temperatura<\/li>\n<li>No usar blanqueador<\/li>\n<li>De adentro hacia afuera<\/li>\n<li>No lavar en seco<\/li>\n<li>No planchar el estampado<\/li>\n<\/ul>\n","protected":false},"excerpt":{"rendered":"<p>Camiseta Iron maiden shadows of the valley &nbsp; Tu Esencia, Tu &#8230; <\/p>\n","protected":false},"featured_media":3370,"comment_status":"open","ping_status":"closed","template":"","meta":{"_joinchat":[]},"product_brand":[],"product_cat":[95,83,74],"product_tag":[],"class_list":{"0":"post-3362","1":"product","2":"type-product","3":"status-publish","4":"has-post-thumbnail","6":"product_cat-camisetas-iron-maiden","7":"product_cat-iron-maiden","8":"product_cat-musica","10":"first","11":"instock","12":"shipping-taxable","13":"purchasable","14":"product-type-variable"},"yoast_head":"<!-- This site is optimized with the Yoast SEO Premium plugin v15.0 - https:\/\/yoast.com\/wordpress\/plugins\/seo\/ -->\n<title>Camiseta Iron maiden shadows of the valley -Quito Street Colors<\/title>\n<meta name=\"description\" content=\"Camisetas de iron maiden en ecuador, camisetas de rock, personaliza tu camiseta con tu dise\u00f1o favorito, Camisetas en quito\" \/>\n<meta name=\"robots\" content=\"index, follow, max-snippet:-1, max-image-preview:large, max-video-preview:-1\" \/>\n<link rel=\"canonical\" href=\"https:\/\/quitostreetcolors.com\/demo\/product\/camiseta-iron-maiden-shadows-of-the-valley\/\" \/>\n<meta property=\"og:locale\" content=\"es_ES\" \/>\n<meta property=\"og:type\" content=\"article\" \/>\n<meta property=\"og:title\" content=\"Camiseta Iron maiden shadows of the valley -Quito Street Colors\" \/>\n<meta property=\"og:description\" content=\"Camisetas de iron maiden en ecuador, camisetas de rock, personaliza tu camiseta con tu dise\u00f1o favorito, Camisetas en quito\" \/>\n<meta property=\"og:url\" content=\"https:\/\/quitostreetcolors.com\/demo\/product\/camiseta-iron-maiden-shadows-of-the-valley\/\" \/>\n<meta property=\"og:site_name\" content=\"Quito Street Colors\" \/>\n<meta property=\"article:publisher\" content=\"https:\/\/www.facebook.com\/quitostreetC\" \/>\n<meta property=\"article:modified_time\" content=\"2025-01-30T17:26:03+00:00\" \/>\n<meta property=\"og:image\" content=\"https:\/\/quitostreetcolors.com\/demo\/wp-content\/uploads\/2025\/01\/ironmaiden-ca.jpg\" \/>\n\t<meta property=\"og:image:width\" content=\"1000\" \/>\n\t<meta property=\"og:image:height\" content=\"1000\" \/>\n<meta name=\"twitter:card\" content=\"summary_large_image\" \/>\n<script type=\"application\/ld+json\" class=\"yoast-schema-graph\">{\"@context\":\"https:\/\/schema.org\",\"@graph\":[{\"@type\":\"Organization\",\"@id\":\"https:\/\/quitostreetcolors.com\/demo\/#organization\",\"name\":\"Quito Street Colors\",\"url\":\"https:\/\/quitostreetcolors.com\/demo\/\",\"sameAs\":[\"https:\/\/www.facebook.com\/quitostreetC\"],\"logo\":{\"@type\":\"ImageObject\",\"@id\":\"https:\/\/quitostreetcolors.com\/demo\/#logo\",\"inLanguage\":\"es\",\"url\":\"https:\/\/quitostreetcolors.com\/demo\/wp-content\/uploads\/2025\/01\/logo.png\",\"width\":391,\"height\":140,\"caption\":\"Quito Street Colors\"},\"image\":{\"@id\":\"https:\/\/quitostreetcolors.com\/demo\/#logo\"}},{\"@type\":\"WebSite\",\"@id\":\"https:\/\/quitostreetcolors.com\/demo\/#website\",\"url\":\"https:\/\/quitostreetcolors.com\/demo\/\",\"name\":\"Quito Street Colors\",\"description\":\"Hoodies y camisetas personalizadas\",\"publisher\":{\"@id\":\"https:\/\/quitostreetcolors.com\/demo\/#organization\"},\"potentialAction\":[{\"@type\":\"SearchAction\",\"target\":\"https:\/\/quitostreetcolors.com\/demo\/?s={search_term_string}\",\"query-input\":\"required name=search_term_string\"}],\"inLanguage\":\"es\"},{\"@type\":\"ImageObject\",\"@id\":\"https:\/\/quitostreetcolors.com\/demo\/product\/camiseta-iron-maiden-shadows-of-the-valley\/#primaryimage\",\"inLanguage\":\"es\",\"url\":\"https:\/\/quitostreetcolors.com\/demo\/wp-content\/uploads\/2025\/01\/ironmaiden-ca.jpg\",\"width\":1000,\"height\":1000},{\"@type\":\"WebPage\",\"@id\":\"https:\/\/quitostreetcolors.com\/demo\/product\/camiseta-iron-maiden-shadows-of-the-valley\/#webpage\",\"url\":\"https:\/\/quitostreetcolors.com\/demo\/product\/camiseta-iron-maiden-shadows-of-the-valley\/\",\"name\":\"Camiseta Iron maiden shadows of the valley -Quito Street Colors\",\"isPartOf\":{\"@id\":\"https:\/\/quitostreetcolors.com\/demo\/#website\"},\"primaryImageOfPage\":{\"@id\":\"https:\/\/quitostreetcolors.com\/demo\/product\/camiseta-iron-maiden-shadows-of-the-valley\/#primaryimage\"},\"datePublished\":\"2025-01-30T17:17:17+00:00\",\"dateModified\":\"2025-01-30T17:26:03+00:00\",\"description\":\"Camisetas de iron maiden en ecuador, camisetas de rock, personaliza tu camiseta con tu dise\\u00f1o favorito, Camisetas en quito\",\"breadcrumb\":{\"@id\":\"https:\/\/quitostreetcolors.com\/demo\/product\/camiseta-iron-maiden-shadows-of-the-valley\/#breadcrumb\"},\"inLanguage\":\"es\",\"potentialAction\":[{\"@type\":\"ReadAction\",\"target\":[\"https:\/\/quitostreetcolors.com\/demo\/product\/camiseta-iron-maiden-shadows-of-the-valley\/\"]}]},{\"@type\":\"BreadcrumbList\",\"@id\":\"https:\/\/quitostreetcolors.com\/demo\/product\/camiseta-iron-maiden-shadows-of-the-valley\/#breadcrumb\",\"itemListElement\":[{\"@type\":\"ListItem\",\"position\":1,\"item\":{\"@type\":\"WebPage\",\"@id\":\"https:\/\/quitostreetcolors.com\/demo\/\",\"url\":\"https:\/\/quitostreetcolors.com\/demo\/\",\"name\":\"Portada\"}},{\"@type\":\"ListItem\",\"position\":2,\"item\":{\"@type\":\"WebPage\",\"@id\":\"https:\/\/quitostreetcolors.com\/demo\/shop\/\",\"url\":\"https:\/\/quitostreetcolors.com\/demo\/shop\/\",\"name\":\"Tienda\"}},{\"@type\":\"ListItem\",\"position\":3,\"item\":{\"@type\":\"WebPage\",\"@id\":\"https:\/\/quitostreetcolors.com\/demo\/product\/camiseta-iron-maiden-shadows-of-the-valley\/\",\"url\":\"https:\/\/quitostreetcolors.com\/demo\/product\/camiseta-iron-maiden-shadows-of-the-valley\/\",\"name\":\"Camiseta Iron maiden shadows of the valley\"}}]}]}<\/script>\n<!-- \/ Yoast SEO Premium plugin. -->","_links":{"self":[{"href":"https:\/\/quitostreetcolors.com\/demo\/wp-json\/wp\/v2\/product\/3362","targetHints":{"allow":["GET"]}}],"collection":[{"href":"https:\/\/quitostreetcolors.com\/demo\/wp-json\/wp\/v2\/product"}],"about":[{"href":"https:\/\/quitostreetcolors.com\/demo\/wp-json\/wp\/v2\/types\/product"}],"replies":[{"embeddable":true,"href":"https:\/\/quitostreetcolors.com\/demo\/wp-json\/wp\/v2\/comments?post=3362"}],"wp:featuredmedia":[{"embeddable":true,"href":"https:\/\/quitostreetcolors.com\/demo\/wp-json\/wp\/v2\/media\/3370"}],"wp:attachment":[{"href":"https:\/\/quitostreetcolors.com\/demo\/wp-json\/wp\/v2\/media?parent=3362"}],"wp:term":[{"taxonomy":"product_brand","embeddable":true,"href":"https:\/\/quitostreetcolors.com\/demo\/wp-json\/wp\/v2\/product_brand?post=3362"},{"taxonomy":"product_cat","embeddable":true,"href":"https:\/\/quitostreetcolors.com\/demo\/wp-json\/wp\/v2\/product_cat?post=3362"},{"taxonomy":"product_tag","embeddable":true,"href":"https:\/\/quitostreetcolors.com\/demo\/wp-json\/wp\/v2\/product_tag?post=3362"}],"curies":[{"name":"wp","href":"https:\/\/api.w.org\/{rel}","templated":true}]}}