{"id":2964,"date":"2025-01-27T20:54:42","date_gmt":"2025-01-27T20:54:42","guid":{"rendered":"https:\/\/quitostreetcolors.com\/demo\/?post_type=product&#038;p=2964"},"modified":"2025-04-18T20:26:01","modified_gmt":"2025-04-18T20:26:01","slug":"camiseta-goku-1","status":"publish","type":"product","link":"https:\/\/quitostreetcolors.com\/demo\/product\/camiseta-goku-1\/","title":{"rendered":"Camiseta Goku 1"},"content":{"rendered":"<h1>Camiseta Goku<\/h1>\n<p>Tu Esencia, Tu Moda: Descubre la Autenticidad con Nuestras Camisetas 100% Algod\u00f3n de Tacto Suave.<\/p>\n<p>Hechas con la Mejor Calidad en Ecuador y Tecnolog\u00eda de Impresi\u00f3n Avanzada.<\/p>\n<p>Cada prenda es una expresi\u00f3n \u00fanica de tu esencia, y nuestras camisetas est\u00e1n dise\u00f1adas para destacar tu estilo de manera aut\u00e9ntica.<\/p>\n<p>CALIDAD ECUATORIANA EXCEPCIONAL:<\/p>\n<p>Con orgullo, presentamos prendas confeccionadas con la mejor calidad en Ecuador. Cada hilo tejido y cada costura reflejan la artesan\u00eda y dedicaci\u00f3n que solo encontrar\u00e1s en productos hechos en casa.<\/p>\n<p>TECNOLOG\u00cdA DE IMPRESI\u00d3N AVANZADA:<\/p>\n<p>Nuestras camisetas destacan no solo por su dise\u00f1o, sino tambi\u00e9n por la tecnolog\u00eda de impresi\u00f3n avanzada que utilizamos. Con la mejor tecnolog\u00eda en semitonos, garantizamos que la impresi\u00f3n se mantenga fresca y agradable al tacto, para que al usar tu camiseta sea un placer en cualquier ocasi\u00f3n.<\/p>\n<p>TEJIDO SUAVE:<br \/>\nEl suave tejido antipilling e hipoalerg\u00e9nico se desliza suavemente sobre tu piel, proporcionando una sensaci\u00f3n inigualable de comodidad.<\/p>\n<p>DURADERA:<br \/>\nEl cuello y hombros reforzados aseguran una durabilidad excepcional, para que tu camiseta te acompa\u00f1e en cada momento.<\/p>\n<p><img fetchpriority=\"high\" decoding=\"async\" class=\"alignnone wp-image-2962\" src=\"https:\/\/quitostreetcolors.com\/demo\/wp-content\/uploads\/2025\/01\/cotton-600x690-1.png\" alt=\"\" width=\"279\" height=\"321\" srcset=\"https:\/\/quitostreetcolors.com\/demo\/wp-content\/uploads\/2025\/01\/cotton-600x690-1.png 600w, https:\/\/quitostreetcolors.com\/demo\/wp-content\/uploads\/2025\/01\/cotton-600x690-1-261x300.png 261w\" sizes=\"(max-width: 279px) 100vw, 279px\" \/><\/p>\n<p>100% ALGOD\u00d3N:<br \/>\nRespetuosa con tu piel y el medio ambiente, nuestra camiseta est\u00e1 confeccionada con un 100% de algod\u00f3n de calidad.<\/p>\n<p>Prenda no pre encogida, antes de lavar lea las instrucciones por favor:<\/p>\n<p>Lavar en m\u00e1quina en agua fr\u00eda<br \/>\nSecado en m\u00e1quina a baja temperatura<br \/>\nNo usar blanqueador<br \/>\nDe adentro hacia afuera<br \/>\nNo lavar en seco<br \/>\nNo planchar el estampado<\/p>\n","protected":false},"excerpt":{"rendered":"<p>Camiseta Goku Tu Esencia, Tu Moda: Descubre la Autenticidad con Nuestras &#8230; <\/p>\n","protected":false},"featured_media":2952,"comment_status":"open","ping_status":"closed","template":"","meta":{"_joinchat":[]},"product_brand":[],"product_cat":[104,106,113],"product_tag":[],"class_list":{"0":"post-2964","1":"product","2":"type-product","3":"status-publish","4":"has-post-thumbnail","6":"product_cat-anime","7":"product_cat-camisetas","8":"product_cat-dragon-ball-camisetas","10":"first","11":"instock","12":"shipping-taxable","13":"purchasable","14":"product-type-variable"},"yoast_head":"<!-- This site is optimized with the Yoast SEO Premium plugin v15.0 - https:\/\/yoast.com\/wordpress\/plugins\/seo\/ -->\n<title>Camiseta Dragon Ball Camiseta Goku - QuitoStreet Colors<\/title>\n<meta name=\"description\" content=\"ZCamiseta Gok\" \/>\n<meta name=\"robots\" content=\"index, follow, max-snippet:-1, max-image-preview:large, max-video-preview:-1\" \/>\n<link rel=\"canonical\" href=\"https:\/\/quitostreetcolors.com\/demo\/product\/camiseta-goku-1\/\" \/>\n<meta property=\"og:locale\" content=\"es_ES\" \/>\n<meta property=\"og:type\" content=\"article\" \/>\n<meta property=\"og:title\" content=\"Camiseta Dragon Ball Camiseta Goku - QuitoStreet Colors\" \/>\n<meta property=\"og:description\" content=\"ZCamiseta Gok\" \/>\n<meta property=\"og:url\" content=\"https:\/\/quitostreetcolors.com\/demo\/product\/camiseta-goku-1\/\" \/>\n<meta property=\"og:site_name\" content=\"Quito Street Colors\" \/>\n<meta property=\"article:publisher\" content=\"https:\/\/www.facebook.com\/quitostreetC\" \/>\n<meta property=\"article:modified_time\" content=\"2025-04-18T20:26:01+00:00\" \/>\n<meta property=\"og:image\" content=\"https:\/\/quitostreetcolors.com\/demo\/wp-content\/uploads\/2025\/01\/goku1.jpg\" \/>\n\t<meta property=\"og:image:width\" content=\"2000\" \/>\n\t<meta property=\"og:image:height\" content=\"2000\" \/>\n<meta name=\"twitter:card\" content=\"summary_large_image\" \/>\n<script type=\"application\/ld+json\" class=\"yoast-schema-graph\">{\"@context\":\"https:\/\/schema.org\",\"@graph\":[{\"@type\":\"Organization\",\"@id\":\"https:\/\/quitostreetcolors.com\/demo\/#organization\",\"name\":\"Quito Street Colors\",\"url\":\"https:\/\/quitostreetcolors.com\/demo\/\",\"sameAs\":[\"https:\/\/www.facebook.com\/quitostreetC\"],\"logo\":{\"@type\":\"ImageObject\",\"@id\":\"https:\/\/quitostreetcolors.com\/demo\/#logo\",\"inLanguage\":\"es\",\"url\":\"https:\/\/quitostreetcolors.com\/demo\/wp-content\/uploads\/2025\/01\/logo.png\",\"width\":391,\"height\":140,\"caption\":\"Quito Street Colors\"},\"image\":{\"@id\":\"https:\/\/quitostreetcolors.com\/demo\/#logo\"}},{\"@type\":\"WebSite\",\"@id\":\"https:\/\/quitostreetcolors.com\/demo\/#website\",\"url\":\"https:\/\/quitostreetcolors.com\/demo\/\",\"name\":\"Quito Street Colors\",\"description\":\"Hoodies y camisetas personalizadas\",\"publisher\":{\"@id\":\"https:\/\/quitostreetcolors.com\/demo\/#organization\"},\"potentialAction\":[{\"@type\":\"SearchAction\",\"target\":\"https:\/\/quitostreetcolors.com\/demo\/?s={search_term_string}\",\"query-input\":\"required name=search_term_string\"}],\"inLanguage\":\"es\"},{\"@type\":\"ImageObject\",\"@id\":\"https:\/\/quitostreetcolors.com\/demo\/product\/camiseta-goku-1\/#primaryimage\",\"inLanguage\":\"es\",\"url\":\"https:\/\/quitostreetcolors.com\/demo\/wp-content\/uploads\/2025\/01\/goku1.jpg\",\"width\":2000,\"height\":2000},{\"@type\":\"WebPage\",\"@id\":\"https:\/\/quitostreetcolors.com\/demo\/product\/camiseta-goku-1\/#webpage\",\"url\":\"https:\/\/quitostreetcolors.com\/demo\/product\/camiseta-goku-1\/\",\"name\":\"Camiseta Dragon Ball Camiseta Goku - QuitoStreet Colors\",\"isPartOf\":{\"@id\":\"https:\/\/quitostreetcolors.com\/demo\/#website\"},\"primaryImageOfPage\":{\"@id\":\"https:\/\/quitostreetcolors.com\/demo\/product\/camiseta-goku-1\/#primaryimage\"},\"datePublished\":\"2025-01-27T20:54:42+00:00\",\"dateModified\":\"2025-04-18T20:26:01+00:00\",\"description\":\"ZCamiseta Gok\",\"breadcrumb\":{\"@id\":\"https:\/\/quitostreetcolors.com\/demo\/product\/camiseta-goku-1\/#breadcrumb\"},\"inLanguage\":\"es\",\"potentialAction\":[{\"@type\":\"ReadAction\",\"target\":[\"https:\/\/quitostreetcolors.com\/demo\/product\/camiseta-goku-1\/\"]}]},{\"@type\":\"BreadcrumbList\",\"@id\":\"https:\/\/quitostreetcolors.com\/demo\/product\/camiseta-goku-1\/#breadcrumb\",\"itemListElement\":[{\"@type\":\"ListItem\",\"position\":1,\"item\":{\"@type\":\"WebPage\",\"@id\":\"https:\/\/quitostreetcolors.com\/demo\/\",\"url\":\"https:\/\/quitostreetcolors.com\/demo\/\",\"name\":\"Portada\"}},{\"@type\":\"ListItem\",\"position\":2,\"item\":{\"@type\":\"WebPage\",\"@id\":\"https:\/\/quitostreetcolors.com\/demo\/shop\/\",\"url\":\"https:\/\/quitostreetcolors.com\/demo\/shop\/\",\"name\":\"Tienda\"}},{\"@type\":\"ListItem\",\"position\":3,\"item\":{\"@type\":\"WebPage\",\"@id\":\"https:\/\/quitostreetcolors.com\/demo\/product\/camiseta-goku-1\/\",\"url\":\"https:\/\/quitostreetcolors.com\/demo\/product\/camiseta-goku-1\/\",\"name\":\"Camiseta Goku 1\"}}]}]}<\/script>\n<!-- \/ Yoast SEO Premium plugin. -->","_links":{"self":[{"href":"https:\/\/quitostreetcolors.com\/demo\/wp-json\/wp\/v2\/product\/2964","targetHints":{"allow":["GET"]}}],"collection":[{"href":"https:\/\/quitostreetcolors.com\/demo\/wp-json\/wp\/v2\/product"}],"about":[{"href":"https:\/\/quitostreetcolors.com\/demo\/wp-json\/wp\/v2\/types\/product"}],"replies":[{"embeddable":true,"href":"https:\/\/quitostreetcolors.com\/demo\/wp-json\/wp\/v2\/comments?post=2964"}],"wp:featuredmedia":[{"embeddable":true,"href":"https:\/\/quitostreetcolors.com\/demo\/wp-json\/wp\/v2\/media\/2952"}],"wp:attachment":[{"href":"https:\/\/quitostreetcolors.com\/demo\/wp-json\/wp\/v2\/media?parent=2964"}],"wp:term":[{"taxonomy":"product_brand","embeddable":true,"href":"https:\/\/quitostreetcolors.com\/demo\/wp-json\/wp\/v2\/product_brand?post=2964"},{"taxonomy":"product_cat","embeddable":true,"href":"https:\/\/quitostreetcolors.com\/demo\/wp-json\/wp\/v2\/product_cat?post=2964"},{"taxonomy":"product_tag","embeddable":true,"href":"https:\/\/quitostreetcolors.com\/demo\/wp-json\/wp\/v2\/product_tag?post=2964"}],"curies":[{"name":"wp","href":"https:\/\/api.w.org\/{rel}","templated":true}]}}