{"id":293,"date":"2017-06-10T08:24:41","date_gmt":"2017-06-10T08:24:41","guid":{"rendered":"http:\/\/xtratheme.combusiness-2\/?page_id=6"},"modified":"2025-02-09T00:55:10","modified_gmt":"2025-02-09T00:55:10","slug":"nosotros","status":"publish","type":"page","link":"https:\/\/quitostreetcolors.com\/demo\/nosotros\/","title":{"rendered":"Nosotros"},"content":{"rendered":"\t\t<div data-elementor-type=\"wp-page\" data-elementor-id=\"293\" class=\"elementor elementor-293\" data-elementor-post-type=\"page\">\n\t\t\t\t\t\t<section class=\"elementor-section elementor-top-section elementor-element elementor-element-689d778 elementor-section-boxed elementor-section-height-default elementor-section-height-default\" data-id=\"689d778\" data-element_type=\"section\">\n\t\t\t\t\t\t<div class=\"elementor-container elementor-column-gap-default\">\n\t\t\t\t\t<div class=\"elementor-column elementor-col-50 elementor-top-column elementor-element elementor-element-24b42e7\" data-id=\"24b42e7\" data-element_type=\"column\">\n\t\t\t<div class=\"elementor-widget-wrap elementor-element-populated\">\n\t\t\t\t\t\t<div class=\"elementor-element elementor-element-d07b49b elementor-widget elementor-widget-cz_image\" data-id=\"d07b49b\" data-element_type=\"widget\" data-widget_type=\"cz_image.default\">\n\t\t\t\t<div class=\"elementor-widget-container\">\n\t\t\t\t\t\r\n\t\t<div class=\"cz_image clr cz_image_no_fx\" data-position=\"\">\r\n\r\n\t\t\t<div class=\"cz_svg_bg\">\r\n\r\n\t\t\t\t<div class=\"cz_image_in\">\r\n\r\n\t\t\t\t\t<div class=\"cz_main_image\"><img fetchpriority=\"high\" decoding=\"async\" width=\"1000\" height=\"1000\" src=\"https:\/\/quitostreetcolors.com\/demo\/wp-content\/uploads\/2025\/01\/nosotros.jpg\" class=\"attachment-full size-full wp-image-3182\" alt=\"\" srcset=\"https:\/\/quitostreetcolors.com\/demo\/wp-content\/uploads\/2025\/01\/nosotros.jpg 1000w, https:\/\/quitostreetcolors.com\/demo\/wp-content\/uploads\/2025\/01\/nosotros-300x300.jpg 300w, https:\/\/quitostreetcolors.com\/demo\/wp-content\/uploads\/2025\/01\/nosotros-150x150.jpg 150w, https:\/\/quitostreetcolors.com\/demo\/wp-content\/uploads\/2025\/01\/nosotros-768x768.jpg 768w, https:\/\/quitostreetcolors.com\/demo\/wp-content\/uploads\/2025\/01\/nosotros-600x600.jpg 600w, https:\/\/quitostreetcolors.com\/demo\/wp-content\/uploads\/2025\/01\/nosotros-100x100.jpg 100w\" sizes=\"(max-width: 1000px) 100vw, 1000px\" \/><\/div>\r\n\r\n\t\t\t\t\t<div class=\"cz_hover_image\"><img fetchpriority=\"high\" decoding=\"async\" width=\"1000\" height=\"1000\" src=\"https:\/\/quitostreetcolors.com\/demo\/wp-content\/uploads\/2025\/01\/nosotros.jpg\" class=\"attachment-full size-full wp-image-3182\" alt=\"\" srcset=\"https:\/\/quitostreetcolors.com\/demo\/wp-content\/uploads\/2025\/01\/nosotros.jpg 1000w, https:\/\/quitostreetcolors.com\/demo\/wp-content\/uploads\/2025\/01\/nosotros-300x300.jpg 300w, https:\/\/quitostreetcolors.com\/demo\/wp-content\/uploads\/2025\/01\/nosotros-150x150.jpg 150w, https:\/\/quitostreetcolors.com\/demo\/wp-content\/uploads\/2025\/01\/nosotros-768x768.jpg 768w, https:\/\/quitostreetcolors.com\/demo\/wp-content\/uploads\/2025\/01\/nosotros-600x600.jpg 600w, https:\/\/quitostreetcolors.com\/demo\/wp-content\/uploads\/2025\/01\/nosotros-100x100.jpg 100w\" sizes=\"(max-width: 1000px) 100vw, 1000px\" \/><\/div>\r\n\t\t\t\t<\/div>\r\n\r\n\t\t\t\t\r\n\t\t\t<\/div>\r\n\r\n\t\t<\/div>\r\n\r\n\t\t\t\t\t<\/div>\n\t\t\t\t<\/div>\n\t\t\t\t\t<\/div>\n\t\t<\/div>\n\t\t\t\t<div class=\"elementor-column elementor-col-50 elementor-top-column elementor-element elementor-element-2eea76c\" data-id=\"2eea76c\" data-element_type=\"column\">\n\t\t\t<div class=\"elementor-widget-wrap elementor-element-populated\">\n\t\t\t\t\t\t<div class=\"elementor-element elementor-element-6504605 elementor-widget elementor-widget-cz_gap\" data-id=\"6504605\" data-element_type=\"widget\" data-widget_type=\"cz_gap.default\">\n\t\t\t\t<div class=\"elementor-widget-container\">\n\t\t\t\t\t<div class=\"cz_gap clr\"><\/div>\t\t\t\t<\/div>\n\t\t\t\t<\/div>\n\t\t\t\t<div class=\"elementor-element elementor-element-c013be5 elementor-widget elementor-widget-cz_title\" data-id=\"c013be5\" data-element_type=\"widget\" data-widget_type=\"cz_title.default\">\n\t\t\t\t<div class=\"elementor-widget-container\">\n\t\t\t\t\t\t\r\n\t\t<div>\r\n\t\t\t<div class=\"cz_title clr cz_mobile_text_center cz_title_ba_line cz_title_pos_inline\"><div class=\"cz_title_shape shape_square cz_shape_1\"><\/div><div class=\"cz_title_content\"><div class=\"cz_wpe_content\"><h3>Nuestra historia<\/h3><\/div><div class=\"cz_title_line cz_line_after_title\"><span>_<\/span><\/div><\/div><\/div>\r\n\t\t<\/div>\r\n\t\t\r\n\t\t\t\t\t\t<\/div>\n\t\t\t\t<\/div>\n\t\t\t\t<div class=\"elementor-element elementor-element-40fd65c elementor-widget elementor-widget-cz_title\" data-id=\"40fd65c\" data-element_type=\"widget\" data-widget_type=\"cz_title.default\">\n\t\t\t\t<div class=\"elementor-widget-container\">\n\t\t\t\t\t\t\r\n\t\t<div>\r\n\t\t\t<div class=\"cz_title clr cz_mobile_text_center cz_title_pos_inline\"><div class=\"cz_title_content\"><div class=\"cz_wpe_content\"><h3 class=\"aux-modern-heading-secondary\"><span class=\"aux-head-highlight\">\u00a1Llevamos tus ideas al pr\u00f3ximo nivel!<\/span><\/h3><p>\u00a0<\/p><div class=\"aux-modern-heading-description\"><p>Del gusto y pasi\u00f3n por el dise\u00f1o y dibujo nace Quito Street Colors en el a\u00f1o 2012 como idea innovadora, buscando llevar a los clientes la opci\u00f3n de personalizaci\u00f3n de prendas de vestir, considerando a un hoodie o camiseta como lienzo, donde el cliente podr\u00e1 plasmar su idea a trav\u00e9s de un estampado, resaltando su esencia y personalidad. Lo mejor de todo es que podr\u00e1s personalizar desde una prenda, te asesoramos en todo momento para que el producto que recibas supere las expectativas de lo que esperabas y se convierta en una prenda \u00fanica e inigualable.<\/p><\/div><\/div><\/div><\/div>\r\n\t\t<\/div>\r\n\t\t\r\n\t\t\t\t\t\t<\/div>\n\t\t\t\t<\/div>\n\t\t\t\t<div class=\"elementor-element elementor-element-760c8fe elementor-widget elementor-widget-cz_stylish_list\" data-id=\"760c8fe\" data-element_type=\"widget\" data-widget_type=\"cz_stylish_list.default\">\n\t\t\t\t<div class=\"elementor-widget-container\">\n\t\t\t\t\t<ul class=\"cz_stylish_list clr cz_sl_icon_hover_blur\"><li class=\"elementor-repeater-item-c3d7c58 clr\"><div class=\"cz_sl_icon\"><i class=\"mr10 fa fa-check-circle\"><\/i><\/div><div><span>Innovaci\u00f3n<\/span><\/div><\/li><li class=\"elementor-repeater-item-239ab55 clr\"><div class=\"cz_sl_icon\"><i class=\"mr10 fa fa-check-circle\"><\/i><\/div><div><span>Calidad<\/span><\/div><\/li><li class=\"elementor-repeater-item-54941f6 clr\"><div class=\"cz_sl_icon\"><i class=\"mr10 fa fa-check-circle\"><\/i><\/div><div><span>Autenticidad<\/span><\/div><\/li><li class=\"elementor-repeater-item-4da0767 clr\"><div class=\"cz_sl_icon\"><i class=\"mr10 fa fa-check-circle\"><\/i><\/div><div><span>Creatividad<\/span><\/div><\/li><\/ul>\t\t\t\t<\/div>\n\t\t\t\t<\/div>\n\t\t\t\t\t<\/div>\n\t\t<\/div>\n\t\t\t\t\t<\/div>\n\t\t<\/section>\n\t\t\t\t<section class=\"elementor-section elementor-top-section elementor-element elementor-element-7ded7a4 elementor-section-boxed elementor-section-height-default elementor-section-height-default\" data-id=\"7ded7a4\" data-element_type=\"section\">\n\t\t\t\t\t\t<div class=\"elementor-container elementor-column-gap-default\">\n\t\t\t\t\t<div class=\"elementor-column elementor-col-100 elementor-top-column elementor-element elementor-element-29dfe82\" data-id=\"29dfe82\" data-element_type=\"column\">\n\t\t\t<div class=\"elementor-widget-wrap elementor-element-populated\">\n\t\t\t\t\t\t<div class=\"elementor-element elementor-element-a48cb42 elementor-widget elementor-widget-cz_gap\" data-id=\"a48cb42\" data-element_type=\"widget\" data-widget_type=\"cz_gap.default\">\n\t\t\t\t<div class=\"elementor-widget-container\">\n\t\t\t\t\t<div class=\"cz_gap clr\"><\/div>\t\t\t\t<\/div>\n\t\t\t\t<\/div>\n\t\t\t\t\t<\/div>\n\t\t<\/div>\n\t\t\t\t\t<\/div>\n\t\t<\/section>\n\t\t\t\t<section class=\"elementor-section elementor-top-section elementor-element elementor-element-35bbaee9 elementor-section-boxed elementor-section-height-default elementor-section-height-default\" data-id=\"35bbaee9\" data-element_type=\"section\">\n\t\t\t\t\t\t<div class=\"elementor-container elementor-column-gap-default\">\n\t\t\t\t\t<div class=\"elementor-column elementor-col-50 elementor-top-column elementor-element elementor-element-6b5f865c\" data-id=\"6b5f865c\" data-element_type=\"column\">\n\t\t\t<div class=\"elementor-widget-wrap elementor-element-populated\">\n\t\t\t\t\t\t<div class=\"elementor-element elementor-element-7c88d91e elementor-widget elementor-widget-cz_title\" data-id=\"7c88d91e\" data-element_type=\"widget\" data-widget_type=\"cz_title.default\">\n\t\t\t\t<div class=\"elementor-widget-container\">\n\t\t\t\t\t\t\r\n\t\t<div>\r\n\t\t\t<div class=\"cz_title clr cz_mobile_text_center cz_title_ba_line cz_title_pos_inline\"><div class=\"cz_title_shape shape_square cz_shape_1\"><\/div><div class=\"cz_title_content\"><div class=\"cz_wpe_content\"><h3>\u00a1Creemos algo incre\u00edble juntos!<\/h3><p>\u00a0<\/p><h5>Disfruta de\u00a0 hoodies y\u00a0 camisetas \u00fanicas y personalizadas que reflejen tu estilo y personalidad.<\/h5><\/div><div class=\"cz_title_line cz_line_after_title\"><span>_<\/span><\/div><\/div><\/div>\r\n\t\t<\/div>\r\n\t\t\r\n\t\t\t\t\t\t<\/div>\n\t\t\t\t<\/div>\n\t\t\t\t\t<\/div>\n\t\t<\/div>\n\t\t\t\t<div class=\"elementor-column elementor-col-50 elementor-top-column elementor-element elementor-element-6aa14e75 column-xtra-sticky\" data-id=\"6aa14e75\" data-element_type=\"column\">\n\t\t\t<div class=\"elementor-widget-wrap elementor-element-populated\">\n\t\t\t\t\t\t<div class=\"elementor-element elementor-element-52bd0c4c elementor-widget elementor-widget-cz_gap\" data-id=\"52bd0c4c\" data-element_type=\"widget\" data-widget_type=\"cz_gap.default\">\n\t\t\t\t<div class=\"elementor-widget-container\">\n\t\t\t\t\t<div class=\"cz_gap clr\"><\/div>\t\t\t\t<\/div>\n\t\t\t\t<\/div>\n\t\t\t\t<div class=\"elementor-element elementor-element-4f2646c elementor-widget elementor-widget-cz_team\" data-id=\"4f2646c\" data-element_type=\"widget\" data-widget_type=\"cz_team.default\">\n\t\t\t\t<div class=\"elementor-widget-container\">\n\t\t\t\t\t<div class=\"cz_team mb30 clr cz_team_always_show cz_team_5\"><div class=\"cz_team_img\"><img decoding=\"async\" width=\"1000\" height=\"1000\" src=\"https:\/\/quitostreetcolors.com\/demo\/wp-content\/uploads\/2025\/01\/nosotros1.jpg\" class=\"attachment-full size-full wp-image-3183\" alt=\"\" srcset=\"https:\/\/quitostreetcolors.com\/demo\/wp-content\/uploads\/2025\/01\/nosotros1.jpg 1000w, https:\/\/quitostreetcolors.com\/demo\/wp-content\/uploads\/2025\/01\/nosotros1-300x300.jpg 300w, https:\/\/quitostreetcolors.com\/demo\/wp-content\/uploads\/2025\/01\/nosotros1-150x150.jpg 150w, https:\/\/quitostreetcolors.com\/demo\/wp-content\/uploads\/2025\/01\/nosotros1-768x768.jpg 768w, https:\/\/quitostreetcolors.com\/demo\/wp-content\/uploads\/2025\/01\/nosotros1-600x600.jpg 600w, https:\/\/quitostreetcolors.com\/demo\/wp-content\/uploads\/2025\/01\/nosotros1-100x100.jpg 100w\" sizes=\"(max-width: 1000px) 100vw, 1000px\" \/><div class=\"cz_team_content cz_wpe_content\"><\/div><\/div><\/div>\t\t\t\t<\/div>\n\t\t\t\t<\/div>\n\t\t\t\t<div class=\"elementor-element elementor-element-42002e4b elementor-widget elementor-widget-cz_title\" data-id=\"42002e4b\" data-element_type=\"widget\" data-widget_type=\"cz_title.default\">\n\t\t\t\t<div class=\"elementor-widget-container\">\n\t\t\t\t\t\t\r\n\t\t<div>\r\n\t\t\t<div class=\"cz_title clr cz_mobile_text_center cz_title_pos_inline\"><div class=\"cz_title_content\"><div class=\"cz_wpe_content\"><\/div><\/div><\/div>\r\n\t\t<\/div>\r\n\t\t\r\n\t\t\t\t\t\t<\/div>\n\t\t\t\t<\/div>\n\t\t\t\t\t<\/div>\n\t\t<\/div>\n\t\t\t\t\t<\/div>\n\t\t<\/section>\n\t\t\t\t<section class=\"elementor-section elementor-top-section elementor-element elementor-element-4bd146e0 elementor-section-boxed elementor-section-height-default elementor-section-height-default\" data-id=\"4bd146e0\" data-element_type=\"section\">\n\t\t\t\t\t\t<div class=\"elementor-container elementor-column-gap-default\">\n\t\t\t\t\t<div class=\"elementor-column elementor-col-100 elementor-top-column elementor-element elementor-element-3823d5e4\" data-id=\"3823d5e4\" data-element_type=\"column\">\n\t\t\t<div class=\"elementor-widget-wrap elementor-element-populated\">\n\t\t\t\t\t\t<div class=\"elementor-element elementor-element-1b09991e elementor-widget elementor-widget-cz_gap\" data-id=\"1b09991e\" data-element_type=\"widget\" data-widget_type=\"cz_gap.default\">\n\t\t\t\t<div class=\"elementor-widget-container\">\n\t\t\t\t\t<div class=\"cz_gap clr\"><\/div>\t\t\t\t<\/div>\n\t\t\t\t<\/div>\n\t\t\t\t\t<\/div>\n\t\t<\/div>\n\t\t\t\t\t<\/div>\n\t\t<\/section>\n\t\t\t\t<section class=\"elementor-section elementor-top-section elementor-element elementor-element-14ecfbd2 elementor-section-stretched elementor-section-boxed elementor-section-height-default elementor-section-height-default\" data-id=\"14ecfbd2\" data-element_type=\"section\" data-settings=\"{&quot;stretch_section&quot;:&quot;section-stretched&quot;,&quot;background_background&quot;:&quot;classic&quot;}\">\n\t\t\t\t\t\t<div class=\"elementor-container elementor-column-gap-default\">\n\t\t\t\t\t<div class=\"elementor-column elementor-col-100 elementor-top-column elementor-element elementor-element-3881c6cc\" data-id=\"3881c6cc\" data-element_type=\"column\">\n\t\t\t<div class=\"elementor-widget-wrap elementor-element-populated\">\n\t\t\t\t\t\t<div class=\"elementor-element elementor-element-10065f4d elementor-widget elementor-widget-cz_title\" data-id=\"10065f4d\" data-element_type=\"widget\" data-widget_type=\"cz_title.default\">\n\t\t\t\t<div class=\"elementor-widget-container\">\n\t\t\t\t\t\t\r\n\t\t<div>\r\n\t\t\t<div class=\"cz_title clr cz_title_ba_line cz_title_pos_inline tac\"><div class=\"cz_title_shape shape_square cz_shape_1\"><\/div><div class=\"cz_title_content\"><div class=\"cz_wpe_content\"><h3 style=\"text-align: center;\">Nuestras estad\u00edsticas\u00a0<\/h3><\/div><div class=\"cz_title_line cz_line_after_title\"><span>_<\/span><\/div><\/div><\/div>\r\n\t\t<\/div>\r\n\t\t\r\n\t\t\t\t\t\t<\/div>\n\t\t\t\t<\/div>\n\t\t\t\t<div class=\"elementor-element elementor-element-a9d005e elementor-widget elementor-widget-cz_gap\" data-id=\"a9d005e\" data-element_type=\"widget\" data-widget_type=\"cz_gap.default\">\n\t\t\t\t<div class=\"elementor-widget-container\">\n\t\t\t\t\t<div class=\"cz_gap clr\"><\/div>\t\t\t\t<\/div>\n\t\t\t\t<\/div>\n\t\t\t\t<section class=\"elementor-section elementor-inner-section elementor-element elementor-element-0b4af46 elementor-section-boxed elementor-section-height-default elementor-section-height-default\" data-id=\"0b4af46\" data-element_type=\"section\">\n\t\t\t\t\t\t<div class=\"elementor-container elementor-column-gap-default\">\n\t\t\t\t\t<div class=\"elementor-column elementor-col-25 elementor-inner-column elementor-element elementor-element-d77c3af\" data-id=\"d77c3af\" data-element_type=\"column\">\n\t\t\t<div class=\"elementor-widget-wrap elementor-element-populated\">\n\t\t\t\t\t\t<div class=\"elementor-element elementor-element-5103f34 elementor-widget elementor-widget-cz_counter\" data-id=\"5103f34\" data-element_type=\"widget\" data-widget_type=\"cz_counter.default\">\n\t\t\t\t<div class=\"elementor-widget-container\">\n\t\t\t\t\t\r\n\t\t<div class=\"cz_counter clr tac cz_2rows\" data-disable-comma=\"\" data-duration=\"3000\" data-delay=\"0000\">\r\n\r\n\t\t\t<div class=\"\">\r\n\t\t\t\t<span class=\"cz_counter_num_wrap\"><span class=\"cz_counter_num\">3<\/span><i>k<\/i><\/span><span class=\"cz_counter_after\">Camisetas vendidas<\/span>\t\t\t<\/div>\r\n\r\n\t\t<\/div>\r\n\r\n\t\t\t\t\t\t<\/div>\n\t\t\t\t<\/div>\n\t\t\t\t\t<\/div>\n\t\t<\/div>\n\t\t\t\t<div class=\"elementor-column elementor-col-25 elementor-inner-column elementor-element elementor-element-5633d11\" data-id=\"5633d11\" data-element_type=\"column\">\n\t\t\t<div class=\"elementor-widget-wrap elementor-element-populated\">\n\t\t\t\t\t\t<div class=\"elementor-element elementor-element-99c860d elementor-widget elementor-widget-cz_counter\" data-id=\"99c860d\" data-element_type=\"widget\" data-widget_type=\"cz_counter.default\">\n\t\t\t\t<div class=\"elementor-widget-container\">\n\t\t\t\t\t\r\n\t\t<div class=\"cz_counter clr tac cz_2rows\" data-disable-comma=\"\" data-duration=\"3000\" data-delay=\"0000\">\r\n\r\n\t\t\t<div class=\"\">\r\n\t\t\t\t<span class=\"cz_counter_num_wrap\"><span class=\"cz_counter_num\">8<\/span><i>k<\/i><\/span><span class=\"cz_counter_after\">Hoodies personalizados<\/span>\t\t\t<\/div>\r\n\r\n\t\t<\/div>\r\n\r\n\t\t\t\t\t\t<\/div>\n\t\t\t\t<\/div>\n\t\t\t\t\t<\/div>\n\t\t<\/div>\n\t\t\t\t<div class=\"elementor-column elementor-col-25 elementor-inner-column elementor-element elementor-element-a0ca184\" data-id=\"a0ca184\" data-element_type=\"column\">\n\t\t\t<div class=\"elementor-widget-wrap elementor-element-populated\">\n\t\t\t\t\t\t<div class=\"elementor-element elementor-element-94133eb elementor-widget elementor-widget-cz_counter\" data-id=\"94133eb\" data-element_type=\"widget\" data-widget_type=\"cz_counter.default\">\n\t\t\t\t<div class=\"elementor-widget-container\">\n\t\t\t\t\t\r\n\t\t<div class=\"cz_counter clr tac cz_2rows\" data-disable-comma=\"\" data-duration=\"3000\" data-delay=\"0000\">\r\n\r\n\t\t\t<div class=\"\">\r\n\t\t\t\t<span class=\"cz_counter_num_wrap\"><span class=\"cz_counter_num\">20<\/span><i>k<\/i><\/span><span class=\"cz_counter_after\">Clientes satisfechos<\/span>\t\t\t<\/div>\r\n\r\n\t\t<\/div>\r\n\r\n\t\t\t\t\t\t<\/div>\n\t\t\t\t<\/div>\n\t\t\t\t\t<\/div>\n\t\t<\/div>\n\t\t\t\t<div class=\"elementor-column elementor-col-25 elementor-inner-column elementor-element elementor-element-078ad83\" data-id=\"078ad83\" data-element_type=\"column\">\n\t\t\t<div class=\"elementor-widget-wrap elementor-element-populated\">\n\t\t\t\t\t\t<div class=\"elementor-element elementor-element-ef30296 elementor-widget elementor-widget-cz_counter\" data-id=\"ef30296\" data-element_type=\"widget\" data-widget_type=\"cz_counter.default\">\n\t\t\t\t<div class=\"elementor-widget-container\">\n\t\t\t\t\t\r\n\t\t<div class=\"cz_counter clr tac cz_2rows\" data-disable-comma=\"\" data-duration=\"3000\" data-delay=\"0000\">\r\n\r\n\t\t\t<div class=\"\">\r\n\t\t\t\t<span class=\"cz_counter_num_wrap\"><span class=\"cz_counter_num\">12<\/span><i>A<\/i><\/span><span class=\"cz_counter_after\">A\u00f1os de experiencia<\/span>\t\t\t<\/div>\r\n\r\n\t\t<\/div>\r\n\r\n\t\t\t\t\t\t<\/div>\n\t\t\t\t<\/div>\n\t\t\t\t\t<\/div>\n\t\t<\/div>\n\t\t\t\t\t<\/div>\n\t\t<\/section>\n\t\t\t\t\t<\/div>\n\t\t<\/div>\n\t\t\t\t\t<\/div>\n\t\t<\/section>\n\t\t\t\t<\/div>\n\t\t","protected":false},"excerpt":{"rendered":"<p>Nuestra historia _ \u00a1Llevamos tus ideas al pr\u00f3ximo nivel! \u00a0 Del &#8230; <\/p>\n","protected":false},"author":1,"featured_media":0,"parent":0,"menu_order":0,"comment_status":"closed","ping_status":"closed","template":"","meta":{"_joinchat":[],"footnotes":""},"class_list":["post-293","page","type-page","status-publish","hentry"],"yoast_head":"<!-- This site is optimized with the Yoast SEO Premium plugin v15.0 - https:\/\/yoast.com\/wordpress\/plugins\/seo\/ -->\n<title>Nosotros - Quito Street Colors<\/title>\n<meta name=\"robots\" content=\"index, follow, max-snippet:-1, max-image-preview:large, max-video-preview:-1\" \/>\n<link rel=\"canonical\" href=\"https:\/\/quitostreetcolors.com\/demo\/nosotros\/\" \/>\n<meta property=\"og:locale\" content=\"es_ES\" \/>\n<meta property=\"og:type\" content=\"article\" \/>\n<meta property=\"og:title\" content=\"Nosotros - Quito Street Colors\" \/>\n<meta property=\"og:description\" content=\"Nuestra historia _ \u00a1Llevamos tus ideas al pr\u00f3ximo nivel! \u00a0 Del ...\" \/>\n<meta property=\"og:url\" content=\"https:\/\/quitostreetcolors.com\/demo\/nosotros\/\" \/>\n<meta property=\"og:site_name\" content=\"Quito Street Colors\" \/>\n<meta property=\"article:publisher\" content=\"https:\/\/www.facebook.com\/quitostreetC\" \/>\n<meta property=\"article:modified_time\" content=\"2025-02-09T00:55:10+00:00\" \/>\n<meta property=\"og:image\" content=\"https:\/\/quitostreetcolors.com\/demo\/wp-content\/uploads\/2025\/01\/nosotros.jpg\" \/>\n<meta name=\"twitter:card\" content=\"summary_large_image\" \/>\n<script type=\"application\/ld+json\" class=\"yoast-schema-graph\">{\"@context\":\"https:\/\/schema.org\",\"@graph\":[{\"@type\":\"Organization\",\"@id\":\"https:\/\/quitostreetcolors.com\/demo\/#organization\",\"name\":\"Quito Street Colors\",\"url\":\"https:\/\/quitostreetcolors.com\/demo\/\",\"sameAs\":[\"https:\/\/www.facebook.com\/quitostreetC\"],\"logo\":{\"@type\":\"ImageObject\",\"@id\":\"https:\/\/quitostreetcolors.com\/demo\/#logo\",\"inLanguage\":\"es\",\"url\":\"https:\/\/quitostreetcolors.com\/demo\/wp-content\/uploads\/2025\/01\/logo.png\",\"width\":391,\"height\":140,\"caption\":\"Quito Street Colors\"},\"image\":{\"@id\":\"https:\/\/quitostreetcolors.com\/demo\/#logo\"}},{\"@type\":\"WebSite\",\"@id\":\"https:\/\/quitostreetcolors.com\/demo\/#website\",\"url\":\"https:\/\/quitostreetcolors.com\/demo\/\",\"name\":\"Quito Street Colors\",\"description\":\"Hoodies y camisetas personalizadas\",\"publisher\":{\"@id\":\"https:\/\/quitostreetcolors.com\/demo\/#organization\"},\"potentialAction\":[{\"@type\":\"SearchAction\",\"target\":\"https:\/\/quitostreetcolors.com\/demo\/?s={search_term_string}\",\"query-input\":\"required name=search_term_string\"}],\"inLanguage\":\"es\"},{\"@type\":\"ImageObject\",\"@id\":\"https:\/\/quitostreetcolors.com\/demo\/nosotros\/#primaryimage\",\"inLanguage\":\"es\",\"url\":\"https:\/\/quitostreetcolors.com\/demo\/wp-content\/uploads\/2025\/01\/nosotros.jpg\",\"width\":1000,\"height\":1000},{\"@type\":\"WebPage\",\"@id\":\"https:\/\/quitostreetcolors.com\/demo\/nosotros\/#webpage\",\"url\":\"https:\/\/quitostreetcolors.com\/demo\/nosotros\/\",\"name\":\"Nosotros - Quito Street Colors\",\"isPartOf\":{\"@id\":\"https:\/\/quitostreetcolors.com\/demo\/#website\"},\"primaryImageOfPage\":{\"@id\":\"https:\/\/quitostreetcolors.com\/demo\/nosotros\/#primaryimage\"},\"datePublished\":\"2017-06-10T08:24:41+00:00\",\"dateModified\":\"2025-02-09T00:55:10+00:00\",\"breadcrumb\":{\"@id\":\"https:\/\/quitostreetcolors.com\/demo\/nosotros\/#breadcrumb\"},\"inLanguage\":\"es\",\"potentialAction\":[{\"@type\":\"ReadAction\",\"target\":[\"https:\/\/quitostreetcolors.com\/demo\/nosotros\/\"]}]},{\"@type\":\"BreadcrumbList\",\"@id\":\"https:\/\/quitostreetcolors.com\/demo\/nosotros\/#breadcrumb\",\"itemListElement\":[{\"@type\":\"ListItem\",\"position\":1,\"item\":{\"@type\":\"WebPage\",\"@id\":\"https:\/\/quitostreetcolors.com\/demo\/\",\"url\":\"https:\/\/quitostreetcolors.com\/demo\/\",\"name\":\"Portada\"}},{\"@type\":\"ListItem\",\"position\":2,\"item\":{\"@type\":\"WebPage\",\"@id\":\"https:\/\/quitostreetcolors.com\/demo\/nosotros\/\",\"url\":\"https:\/\/quitostreetcolors.com\/demo\/nosotros\/\",\"name\":\"Nosotros\"}}]}]}<\/script>\n<!-- \/ Yoast SEO Premium plugin. -->","_links":{"self":[{"href":"https:\/\/quitostreetcolors.com\/demo\/wp-json\/wp\/v2\/pages\/293","targetHints":{"allow":["GET"]}}],"collection":[{"href":"https:\/\/quitostreetcolors.com\/demo\/wp-json\/wp\/v2\/pages"}],"about":[{"href":"https:\/\/quitostreetcolors.com\/demo\/wp-json\/wp\/v2\/types\/page"}],"author":[{"embeddable":true,"href":"https:\/\/quitostreetcolors.com\/demo\/wp-json\/wp\/v2\/users\/1"}],"replies":[{"embeddable":true,"href":"https:\/\/quitostreetcolors.com\/demo\/wp-json\/wp\/v2\/comments?post=293"}],"version-history":[{"count":8,"href":"https:\/\/quitostreetcolors.com\/demo\/wp-json\/wp\/v2\/pages\/293\/revisions"}],"predecessor-version":[{"id":4335,"href":"https:\/\/quitostreetcolors.com\/demo\/wp-json\/wp\/v2\/pages\/293\/revisions\/4335"}],"wp:attachment":[{"href":"https:\/\/quitostreetcolors.com\/demo\/wp-json\/wp\/v2\/media?parent=293"}],"curies":[{"name":"wp","href":"https:\/\/api.w.org\/{rel}","templated":true}]}}